{"id":13244,"date":"2025-10-29T13:42:34","date_gmt":"2025-10-29T12:42:34","guid":{"rendered":"https:\/\/www.almanurse.be\/mentions-legales\/"},"modified":"2025-11-04T15:05:13","modified_gmt":"2025-11-04T14:05:13","slug":"legal-notice","status":"publish","type":"page","link":"https:\/\/www.almanurse.be\/en\/legal-notice\/","title":{"rendered":"Legal notice"},"content":{"rendered":"\t\t<div data-elementor-type=\"wp-page\" data-elementor-id=\"13244\" class=\"elementor elementor-13244\">\n\t\t\t\t\t\t<section data-particle_enable=\"false\" data-particle-mobile-disabled=\"false\" class=\"elementor-section elementor-top-section elementor-element elementor-element-c18cf84 legal elementor-section-boxed elementor-section-height-default elementor-section-height-default\" data-id=\"c18cf84\" data-element_type=\"section\">\n\t\t\t\t\t\t<div class=\"elementor-container elementor-column-gap-default\">\n\t\t\t\t\t<div class=\"lqd-css-sticky-column elementor-column elementor-col-50 elementor-top-column elementor-element elementor-element-dd6125d\" style=\"--lqd-sticky-offset:30px\" data-id=\"dd6125d\" data-element_type=\"column\">\n\t\t\t<div class=\"elementor-widget-wrap elementor-element-populated\">\n\t\t\t\t\t\t<div class=\"elementor-element elementor-element-c5a81fb elementor-widget elementor-widget-ld_custom_menu\" data-id=\"c5a81fb\" data-element_type=\"widget\" data-widget_type=\"ld_custom_menu.default\">\n\t\t\t\t<div class=\"elementor-widget-container\">\n\t\t\t\t\t\n\t\t\t<div\t\t\t\tclass=\"lqd-fancy-menu lqd-custom-menu pos-rel menu-items-has-fill lqd-menu-td-none\"\n\t\t\t\t\t\t\t>\n\t\t\t\n\t\t\t\t\t\t<ul id=\"lqd-custom-menu-c5a81fb\" class=\"reset-ul   \" itemtype=\"http:\/\/schema.org\/SiteNavigationElement\" itemscope=\"itemscope\"><li id=\"menu-item-12817\" class=\"menu-item menu-item-type-post_type menu-item-object-page menu-item-12817\"><a href=\"https:\/\/www.almanurse.be\/mentions-legales\/\">Legal notice<\/a><\/li>\n<li id=\"menu-item-12816\" class=\"menu-item menu-item-type-post_type menu-item-object-page menu-item-12816\"><a href=\"https:\/\/www.almanurse.be\/vie-privee\/\">Privacy policy<\/a><\/li>\n<li id=\"menu-item-12815\" class=\"menu-item menu-item-type-post_type menu-item-object-page menu-item-12815\"><a href=\"https:\/\/www.almanurse.be\/informations-cookies\/\">Cookie information<\/a><\/li>\n<\/ul>\t\t\t\t\t\t\t\t\t<\/div>\n\t\t\t\t\t\t<\/div>\n\t\t\t\t<\/div>\n\t\t\t\t\t<\/div>\n\t\t<\/div>\n\t\t\t\t<div class=\"elementor-column elementor-col-50 elementor-top-column elementor-element elementor-element-89045c2\" data-id=\"89045c2\" data-element_type=\"column\">\n\t\t\t<div class=\"elementor-widget-wrap elementor-element-populated\">\n\t\t\t\t\t\t<div class=\"elementor-element elementor-element-6758d36 elementor-widget elementor-widget-heading\" data-id=\"6758d36\" data-element_type=\"widget\" data-widget_type=\"heading.default\">\n\t\t\t\t<div class=\"elementor-widget-container\">\n\t\t\t\t\t<h2 class=\"elementor-heading-title elementor-size-default\">Legal notice<\/h2>\t\t\t\t<\/div>\n\t\t\t\t<\/div>\n\t\t\t\t<div class=\"elementor-element elementor-element-ae280d0 elementor-widget-divider--view-line elementor-widget elementor-widget-divider\" data-id=\"ae280d0\" data-element_type=\"widget\" data-widget_type=\"divider.default\">\n\t\t\t\t<div class=\"elementor-widget-container\">\n\t\t\t\t\t\t\t<div class=\"elementor-divider\">\n\t\t\t<span class=\"elementor-divider-separator\">\n\t\t\t\t\t\t<\/span>\n\t\t<\/div>\n\t\t\t\t\t\t<\/div>\n\t\t\t\t<\/div>\n\t\t\t\t<div class=\"elementor-element elementor-element-0f30379 elementor-widget elementor-widget-text-editor\" data-id=\"0f30379\" data-element_type=\"widget\" data-widget_type=\"text-editor.default\">\n\t\t\t\t<div class=\"elementor-widget-container\">\n\t\t\t\t\t\t\t\t\t<p><strong>\u00c9diteur du sit<\/strong>e Ce site est \u00e9dit\u00e9 par <strong>AlmaNurse<\/strong>, service infirmier \u00e0 domicile et en maison de repos. Adresse : Donderberg 33, 1120 Bruxelles, Belgique Email : <a href=\"mailto:contact@almanurse.be\">contact@almanurse.be<\/a> T\u00e9l\u00e9phone : <a href=\"tel:+32471820582\">+32 471 82 05 82<\/a><\/p><p><strong>Responsable de la publication<\/strong> AlmaNurse \u2013 Direction de la communication<br \/>471 82 05 82<\/p><p><strong>H\u00e9bergement du site<\/strong> Le site est h\u00e9berg\u00e9 par : OVH FRANCE<\/p><p><strong>Propri\u00e9t\u00e9 intellectuelle<\/strong> L\u2019ensemble des \u00e9l\u00e9ments pr\u00e9sents sur ce site (textes, photos, logo, graphismes, etc.) est la propri\u00e9t\u00e9 exclusive d\u2019AlmaNurse ou de ses partenaires. Toute reproduction, repr\u00e9sentation ou diffusion sans autorisation pr\u00e9alable est interdite.<\/p>\t\t\t\t\t\t\t\t<\/div>\n\t\t\t\t<\/div>\n\t\t\t\t\t<\/div>\n\t\t<\/div>\n\t\t\t\t\t<\/div>\n\t\t<\/section>\n\t\t\t\t<\/div>\n\t\t","protected":false},"excerpt":{"rendered":"<p>Mentions l\u00e9gales Vie priv\u00e9e \/ Privacy Policy Informations cookies Legal notice \u00c9diteur du site Ce site est \u00e9dit\u00e9 par AlmaNurse, service infirmier \u00e0 domicile et en maison de repos. Adresse : Donderberg 33, 1120 Bruxelles, Belgique Email : contact@almanurse.be T\u00e9l\u00e9phone : +32 471 82 05 82 Responsable de la publication AlmaNurse \u2013 Direction de la [&hellip;]<\/p>\n","protected":false},"author":1,"featured_media":0,"parent":0,"menu_order":0,"comment_status":"closed","ping_status":"closed","template":"","meta":{"footnotes":""},"class_list":["post-13244","page","type-page","status-publish","hentry"],"yoast_head":"<!-- This site is optimized with the Yoast SEO Premium plugin v20.3 (Yoast SEO v20.3) - https:\/\/yoast.com\/wordpress\/plugins\/seo\/ -->\n<title>Legal notice \u2013 AlmaNurse<\/title>\n<meta name=\"description\" content=\"Legal information about AlmaNurse, home-nursing service in Brussels and Flanders.\" \/>\n<meta name=\"robots\" content=\"index, follow, max-snippet:-1, max-image-preview:large, max-video-preview:-1\" \/>\n<link rel=\"canonical\" href=\"https:\/\/www.almanurse.be\/en\/legal-notice\/\" \/>\n<meta property=\"og:locale\" content=\"en_US\" \/>\n<meta property=\"og:type\" content=\"article\" \/>\n<meta property=\"og:title\" content=\"Legal notice\" \/>\n<meta property=\"og:description\" content=\"Legal information about AlmaNurse, home-nursing service in Brussels and Flanders.\" \/>\n<meta property=\"og:url\" content=\"https:\/\/www.almanurse.be\/en\/legal-notice\/\" \/>\n<meta property=\"og:site_name\" content=\"AlmaNurse\" \/>\n<meta property=\"article:modified_time\" content=\"2025-11-04T14:05:13+00:00\" \/>\n<meta name=\"twitter:card\" content=\"summary_large_image\" \/>\n<meta name=\"twitter:label1\" content=\"Est. reading time\" \/>\n\t<meta name=\"twitter:data1\" content=\"1 minute\" \/>\n<script type=\"application\/ld+json\" class=\"yoast-schema-graph\">{\"@context\":\"https:\/\/schema.org\",\"@graph\":[{\"@type\":\"WebPage\",\"@id\":\"https:\/\/www.almanurse.be\/en\/legal-notice\/\",\"url\":\"https:\/\/www.almanurse.be\/en\/legal-notice\/\",\"name\":\"Legal notice \u2013 AlmaNurse\",\"isPartOf\":{\"@id\":\"https:\/\/www.almanurse.be\/#website\"},\"datePublished\":\"2025-10-29T12:42:34+00:00\",\"dateModified\":\"2025-11-04T14:05:13+00:00\",\"description\":\"Legal information about AlmaNurse, home-nursing service in Brussels and Flanders.\",\"breadcrumb\":{\"@id\":\"https:\/\/www.almanurse.be\/en\/legal-notice\/#breadcrumb\"},\"inLanguage\":\"en-US\",\"potentialAction\":[{\"@type\":\"ReadAction\",\"target\":[\"https:\/\/www.almanurse.be\/en\/legal-notice\/\"]}]},{\"@type\":\"BreadcrumbList\",\"@id\":\"https:\/\/www.almanurse.be\/en\/legal-notice\/#breadcrumb\",\"itemListElement\":[{\"@type\":\"ListItem\",\"position\":1,\"name\":\"Accueil\",\"item\":\"https:\/\/www.almanurse.be\/nl\/\"},{\"@type\":\"ListItem\",\"position\":2,\"name\":\"Legal notice\"}]},{\"@type\":\"WebSite\",\"@id\":\"https:\/\/www.almanurse.be\/#website\",\"url\":\"https:\/\/www.almanurse.be\/\",\"name\":\"AlmaNurse\",\"description\":\"Des soins de qualit\u00e9\",\"potentialAction\":[{\"@type\":\"SearchAction\",\"target\":{\"@type\":\"EntryPoint\",\"urlTemplate\":\"https:\/\/www.almanurse.be\/?s={search_term_string}\"},\"query-input\":\"required name=search_term_string\"}],\"inLanguage\":\"en-US\"}]}<\/script>\n<!-- \/ Yoast SEO Premium plugin. -->","yoast_head_json":{"title":"Legal notice \u2013 AlmaNurse","description":"Legal information about AlmaNurse, home-nursing service in Brussels and Flanders.","robots":{"index":"index","follow":"follow","max-snippet":"max-snippet:-1","max-image-preview":"max-image-preview:large","max-video-preview":"max-video-preview:-1"},"canonical":"https:\/\/www.almanurse.be\/en\/legal-notice\/","og_locale":"en_US","og_type":"article","og_title":"Legal notice","og_description":"Legal information about AlmaNurse, home-nursing service in Brussels and Flanders.","og_url":"https:\/\/www.almanurse.be\/en\/legal-notice\/","og_site_name":"AlmaNurse","article_modified_time":"2025-11-04T14:05:13+00:00","twitter_card":"summary_large_image","twitter_misc":{"Est. reading time":"1 minute"},"schema":{"@context":"https:\/\/schema.org","@graph":[{"@type":"WebPage","@id":"https:\/\/www.almanurse.be\/en\/legal-notice\/","url":"https:\/\/www.almanurse.be\/en\/legal-notice\/","name":"Legal notice \u2013 AlmaNurse","isPartOf":{"@id":"https:\/\/www.almanurse.be\/#website"},"datePublished":"2025-10-29T12:42:34+00:00","dateModified":"2025-11-04T14:05:13+00:00","description":"Legal information about AlmaNurse, home-nursing service in Brussels and Flanders.","breadcrumb":{"@id":"https:\/\/www.almanurse.be\/en\/legal-notice\/#breadcrumb"},"inLanguage":"en-US","potentialAction":[{"@type":"ReadAction","target":["https:\/\/www.almanurse.be\/en\/legal-notice\/"]}]},{"@type":"BreadcrumbList","@id":"https:\/\/www.almanurse.be\/en\/legal-notice\/#breadcrumb","itemListElement":[{"@type":"ListItem","position":1,"name":"Accueil","item":"https:\/\/www.almanurse.be\/nl\/"},{"@type":"ListItem","position":2,"name":"Legal notice"}]},{"@type":"WebSite","@id":"https:\/\/www.almanurse.be\/#website","url":"https:\/\/www.almanurse.be\/","name":"AlmaNurse","description":"Des soins de qualit\u00e9","potentialAction":[{"@type":"SearchAction","target":{"@type":"EntryPoint","urlTemplate":"https:\/\/www.almanurse.be\/?s={search_term_string}"},"query-input":"required name=search_term_string"}],"inLanguage":"en-US"}]}},"_links":{"self":[{"href":"https:\/\/www.almanurse.be\/en\/wp-json\/wp\/v2\/pages\/13244","targetHints":{"allow":["GET"]}}],"collection":[{"href":"https:\/\/www.almanurse.be\/en\/wp-json\/wp\/v2\/pages"}],"about":[{"href":"https:\/\/www.almanurse.be\/en\/wp-json\/wp\/v2\/types\/page"}],"author":[{"embeddable":true,"href":"https:\/\/www.almanurse.be\/en\/wp-json\/wp\/v2\/users\/1"}],"replies":[{"embeddable":true,"href":"https:\/\/www.almanurse.be\/en\/wp-json\/wp\/v2\/comments?post=13244"}],"version-history":[{"count":9,"href":"https:\/\/www.almanurse.be\/en\/wp-json\/wp\/v2\/pages\/13244\/revisions"}],"predecessor-version":[{"id":13288,"href":"https:\/\/www.almanurse.be\/en\/wp-json\/wp\/v2\/pages\/13244\/revisions\/13288"}],"wp:attachment":[{"href":"https:\/\/www.almanurse.be\/en\/wp-json\/wp\/v2\/media?parent=13244"}],"curies":[{"name":"wp","href":"https:\/\/api.w.org\/{rel}","templated":true}]}}