{"id":13234,"date":"2025-10-29T13:49:40","date_gmt":"2025-10-29T12:49:40","guid":{"rendered":"https:\/\/www.almanurse.be\/informations-cookies\/"},"modified":"2025-11-04T15:17:52","modified_gmt":"2025-11-04T14:17:52","slug":"cookie-informatie","status":"publish","type":"page","link":"https:\/\/www.almanurse.be\/nl\/cookie-informatie\/","title":{"rendered":"Cookie-informatie"},"content":{"rendered":"\t\t<div data-elementor-type=\"wp-page\" data-elementor-id=\"13234\" class=\"elementor elementor-13234\">\n\t\t\t\t\t\t<section data-particle_enable=\"false\" data-particle-mobile-disabled=\"false\" class=\"elementor-section elementor-top-section elementor-element elementor-element-f5b1db7 legal elementor-section-boxed elementor-section-height-default elementor-section-height-default\" data-id=\"f5b1db7\" data-element_type=\"section\">\n\t\t\t\t\t\t<div class=\"elementor-container elementor-column-gap-default\">\n\t\t\t\t\t<div class=\"lqd-css-sticky-column elementor-column elementor-col-50 elementor-top-column elementor-element elementor-element-039c162\" style=\"--lqd-sticky-offset:30px\" data-id=\"039c162\" data-element_type=\"column\">\n\t\t\t<div class=\"elementor-widget-wrap elementor-element-populated\">\n\t\t\t\t\t\t<div class=\"elementor-element elementor-element-7eb0471 elementor-widget elementor-widget-ld_custom_menu\" data-id=\"7eb0471\" data-element_type=\"widget\" data-widget_type=\"ld_custom_menu.default\">\n\t\t\t\t<div class=\"elementor-widget-container\">\n\t\t\t\t\t\n\t\t\t<div\t\t\t\tclass=\"lqd-fancy-menu lqd-custom-menu pos-rel menu-items-has-fill lqd-menu-td-none\"\n\t\t\t\t\t\t\t>\n\t\t\t\n\t\t\t\t\t\t<ul id=\"lqd-custom-menu-7eb0471\" class=\"reset-ul   \" itemtype=\"http:\/\/schema.org\/SiteNavigationElement\" itemscope=\"itemscope\"><li id=\"menu-item-12817\" class=\"menu-item menu-item-type-post_type menu-item-object-page menu-item-12817\"><a href=\"https:\/\/www.almanurse.be\/mentions-legales\/\">Wettelijke vermeldingen<\/a><\/li>\n<li id=\"menu-item-12816\" class=\"menu-item menu-item-type-post_type menu-item-object-page menu-item-12816\"><a href=\"https:\/\/www.almanurse.be\/vie-privee\/\">Privacybeleid<\/a><\/li>\n<li id=\"menu-item-12815\" class=\"menu-item menu-item-type-post_type menu-item-object-page menu-item-12815\"><a href=\"https:\/\/www.almanurse.be\/informations-cookies\/\">Cookie-informatie<\/a><\/li>\n<\/ul>\t\t\t\t\t\t\t\t\t<\/div>\n\t\t\t\t\t\t<\/div>\n\t\t\t\t<\/div>\n\t\t\t\t\t<\/div>\n\t\t<\/div>\n\t\t\t\t<div class=\"elementor-column elementor-col-50 elementor-top-column elementor-element elementor-element-be582b8\" data-id=\"be582b8\" data-element_type=\"column\">\n\t\t\t<div class=\"elementor-widget-wrap elementor-element-populated\">\n\t\t\t\t\t\t<div class=\"elementor-element elementor-element-227d4fc elementor-widget elementor-widget-heading\" data-id=\"227d4fc\" data-element_type=\"widget\" data-widget_type=\"heading.default\">\n\t\t\t\t<div class=\"elementor-widget-container\">\n\t\t\t\t\t<h2 class=\"elementor-heading-title elementor-size-default\">Cookie-informatie<\/h2>\t\t\t\t<\/div>\n\t\t\t\t<\/div>\n\t\t\t\t<div class=\"elementor-element elementor-element-e95592e elementor-widget-divider--view-line elementor-widget elementor-widget-divider\" data-id=\"e95592e\" data-element_type=\"widget\" data-widget_type=\"divider.default\">\n\t\t\t\t<div class=\"elementor-widget-container\">\n\t\t\t\t\t\t\t<div class=\"elementor-divider\">\n\t\t\t<span class=\"elementor-divider-separator\">\n\t\t\t\t\t\t<\/span>\n\t\t<\/div>\n\t\t\t\t\t\t<\/div>\n\t\t\t\t<\/div>\n\t\t\t\t<div class=\"elementor-element elementor-element-401dd11 elementor-widget elementor-widget-text-editor\" data-id=\"401dd11\" data-element_type=\"widget\" data-widget_type=\"text-editor.default\">\n\t\t\t\t<div class=\"elementor-widget-container\">\n\t\t\t\t\t\t\t\t\t<p>Ce site utilise des cookies afin d\u2019am\u00e9liorer l\u2019exp\u00e9rience utilisateur, mesurer l\u2019audience et optimiser nos services. Aucun cookie publicitaire ou de tra\u00e7age personnel n\u2019est install\u00e9 sans votre accord. Vous pouvez \u00e0 tout moment accepter, refuser ou modifier vos pr\u00e9f\u00e9rences dans les param\u00e8tres de votre navigateur.<\/p>\t\t\t\t\t\t\t\t<\/div>\n\t\t\t\t<\/div>\n\t\t\t\t\t<\/div>\n\t\t<\/div>\n\t\t\t\t\t<\/div>\n\t\t<\/section>\n\t\t\t\t<\/div>\n\t\t","protected":false},"excerpt":{"rendered":"<p>Mentions l\u00e9gales Vie priv\u00e9e \/ Privacy Policy Informations cookies Cookie-informatie Ce site utilise des cookies afin d\u2019am\u00e9liorer l\u2019exp\u00e9rience utilisateur, mesurer l\u2019audience et optimiser nos services. Aucun cookie publicitaire ou de tra\u00e7age personnel n\u2019est install\u00e9 sans votre accord. Vous pouvez \u00e0 tout moment accepter, refuser ou modifier vos pr\u00e9f\u00e9rences dans les param\u00e8tres de votre navigateur.<\/p>\n","protected":false},"author":1,"featured_media":0,"parent":0,"menu_order":0,"comment_status":"closed","ping_status":"closed","template":"","meta":{"footnotes":""},"class_list":["post-13234","page","type-page","status-publish","hentry"],"yoast_head":"<!-- This site is optimized with the Yoast SEO Premium plugin v20.3 (Yoast SEO v20.3) - https:\/\/yoast.com\/wordpress\/plugins\/seo\/ -->\n<title>Cookie-informatie \u2013 AlmaNurse<\/title>\n<meta name=\"description\" content=\"Informatie over het gebruik van cookies op de website van AlmaNurse.\" \/>\n<meta name=\"robots\" content=\"index, follow, max-snippet:-1, max-image-preview:large, max-video-preview:-1\" \/>\n<link rel=\"canonical\" href=\"https:\/\/www.almanurse.be\/nl\/cookie-informatie\/\" \/>\n<meta property=\"og:locale\" content=\"nl_NL\" \/>\n<meta property=\"og:type\" content=\"article\" \/>\n<meta property=\"og:title\" content=\"Cookie-informatie\" \/>\n<meta property=\"og:description\" content=\"Informatie over het gebruik van cookies op de website van AlmaNurse.\" \/>\n<meta property=\"og:url\" content=\"https:\/\/www.almanurse.be\/nl\/cookie-informatie\/\" \/>\n<meta property=\"og:site_name\" content=\"AlmaNurse\" \/>\n<meta property=\"article:modified_time\" content=\"2025-11-04T14:17:52+00:00\" \/>\n<meta name=\"twitter:card\" content=\"summary_large_image\" \/>\n<meta name=\"twitter:label1\" content=\"Geschatte leestijd\" \/>\n\t<meta name=\"twitter:data1\" content=\"1 minuut\" \/>\n<script type=\"application\/ld+json\" class=\"yoast-schema-graph\">{\"@context\":\"https:\/\/schema.org\",\"@graph\":[{\"@type\":\"WebPage\",\"@id\":\"https:\/\/www.almanurse.be\/nl\/cookie-informatie\/\",\"url\":\"https:\/\/www.almanurse.be\/nl\/cookie-informatie\/\",\"name\":\"Cookie-informatie \u2013 AlmaNurse\",\"isPartOf\":{\"@id\":\"https:\/\/www.almanurse.be\/#website\"},\"datePublished\":\"2025-10-29T12:49:40+00:00\",\"dateModified\":\"2025-11-04T14:17:52+00:00\",\"description\":\"Informatie over het gebruik van cookies op de website van AlmaNurse.\",\"breadcrumb\":{\"@id\":\"https:\/\/www.almanurse.be\/nl\/cookie-informatie\/#breadcrumb\"},\"inLanguage\":\"nl-NL\",\"potentialAction\":[{\"@type\":\"ReadAction\",\"target\":[\"https:\/\/www.almanurse.be\/nl\/cookie-informatie\/\"]}]},{\"@type\":\"BreadcrumbList\",\"@id\":\"https:\/\/www.almanurse.be\/nl\/cookie-informatie\/#breadcrumb\",\"itemListElement\":[{\"@type\":\"ListItem\",\"position\":1,\"name\":\"Accueil\",\"item\":\"https:\/\/www.almanurse.be\/nl\/\"},{\"@type\":\"ListItem\",\"position\":2,\"name\":\"Cookie-informatie\"}]},{\"@type\":\"WebSite\",\"@id\":\"https:\/\/www.almanurse.be\/#website\",\"url\":\"https:\/\/www.almanurse.be\/\",\"name\":\"AlmaNurse\",\"description\":\"Des soins de qualit\u00e9\",\"potentialAction\":[{\"@type\":\"SearchAction\",\"target\":{\"@type\":\"EntryPoint\",\"urlTemplate\":\"https:\/\/www.almanurse.be\/?s={search_term_string}\"},\"query-input\":\"required name=search_term_string\"}],\"inLanguage\":\"nl-NL\"}]}<\/script>\n<!-- \/ Yoast SEO Premium plugin. -->","yoast_head_json":{"title":"Cookie-informatie \u2013 AlmaNurse","description":"Informatie over het gebruik van cookies op de website van AlmaNurse.","robots":{"index":"index","follow":"follow","max-snippet":"max-snippet:-1","max-image-preview":"max-image-preview:large","max-video-preview":"max-video-preview:-1"},"canonical":"https:\/\/www.almanurse.be\/nl\/cookie-informatie\/","og_locale":"nl_NL","og_type":"article","og_title":"Cookie-informatie","og_description":"Informatie over het gebruik van cookies op de website van AlmaNurse.","og_url":"https:\/\/www.almanurse.be\/nl\/cookie-informatie\/","og_site_name":"AlmaNurse","article_modified_time":"2025-11-04T14:17:52+00:00","twitter_card":"summary_large_image","twitter_misc":{"Geschatte leestijd":"1 minuut"},"schema":{"@context":"https:\/\/schema.org","@graph":[{"@type":"WebPage","@id":"https:\/\/www.almanurse.be\/nl\/cookie-informatie\/","url":"https:\/\/www.almanurse.be\/nl\/cookie-informatie\/","name":"Cookie-informatie \u2013 AlmaNurse","isPartOf":{"@id":"https:\/\/www.almanurse.be\/#website"},"datePublished":"2025-10-29T12:49:40+00:00","dateModified":"2025-11-04T14:17:52+00:00","description":"Informatie over het gebruik van cookies op de website van AlmaNurse.","breadcrumb":{"@id":"https:\/\/www.almanurse.be\/nl\/cookie-informatie\/#breadcrumb"},"inLanguage":"nl-NL","potentialAction":[{"@type":"ReadAction","target":["https:\/\/www.almanurse.be\/nl\/cookie-informatie\/"]}]},{"@type":"BreadcrumbList","@id":"https:\/\/www.almanurse.be\/nl\/cookie-informatie\/#breadcrumb","itemListElement":[{"@type":"ListItem","position":1,"name":"Accueil","item":"https:\/\/www.almanurse.be\/nl\/"},{"@type":"ListItem","position":2,"name":"Cookie-informatie"}]},{"@type":"WebSite","@id":"https:\/\/www.almanurse.be\/#website","url":"https:\/\/www.almanurse.be\/","name":"AlmaNurse","description":"Des soins de qualit\u00e9","potentialAction":[{"@type":"SearchAction","target":{"@type":"EntryPoint","urlTemplate":"https:\/\/www.almanurse.be\/?s={search_term_string}"},"query-input":"required name=search_term_string"}],"inLanguage":"nl-NL"}]}},"_links":{"self":[{"href":"https:\/\/www.almanurse.be\/nl\/wp-json\/wp\/v2\/pages\/13234","targetHints":{"allow":["GET"]}}],"collection":[{"href":"https:\/\/www.almanurse.be\/nl\/wp-json\/wp\/v2\/pages"}],"about":[{"href":"https:\/\/www.almanurse.be\/nl\/wp-json\/wp\/v2\/types\/page"}],"author":[{"embeddable":true,"href":"https:\/\/www.almanurse.be\/nl\/wp-json\/wp\/v2\/users\/1"}],"replies":[{"embeddable":true,"href":"https:\/\/www.almanurse.be\/nl\/wp-json\/wp\/v2\/comments?post=13234"}],"version-history":[{"count":9,"href":"https:\/\/www.almanurse.be\/nl\/wp-json\/wp\/v2\/pages\/13234\/revisions"}],"predecessor-version":[{"id":13279,"href":"https:\/\/www.almanurse.be\/nl\/wp-json\/wp\/v2\/pages\/13234\/revisions\/13279"}],"wp:attachment":[{"href":"https:\/\/www.almanurse.be\/nl\/wp-json\/wp\/v2\/media?parent=13234"}],"curies":[{"name":"wp","href":"https:\/\/api.w.org\/{rel}","templated":true}]}}