{"id":13251,"date":"2025-10-29T13:48:59","date_gmt":"2025-10-29T12:48:59","guid":{"rendered":"https:\/\/www.almanurse.be\/vie-privee\/"},"modified":"2025-11-04T15:17:22","modified_gmt":"2025-11-04T14:17:22","slug":"privacybeleid","status":"publish","type":"page","link":"https:\/\/www.almanurse.be\/nl\/privacybeleid\/","title":{"rendered":"Privacybeleid"},"content":{"rendered":"\t\t<div data-elementor-type=\"wp-page\" data-elementor-id=\"13251\" class=\"elementor elementor-13251\">\n\t\t\t\t\t\t<section data-particle_enable=\"false\" data-particle-mobile-disabled=\"false\" class=\"elementor-section elementor-top-section elementor-element elementor-element-49ae650 legal elementor-section-boxed elementor-section-height-default elementor-section-height-default\" data-id=\"49ae650\" data-element_type=\"section\">\n\t\t\t\t\t\t<div class=\"elementor-container elementor-column-gap-default\">\n\t\t\t\t\t<div class=\"lqd-css-sticky-column elementor-column elementor-col-50 elementor-top-column elementor-element elementor-element-68f6ce9\" style=\"--lqd-sticky-offset:30px\" data-id=\"68f6ce9\" data-element_type=\"column\">\n\t\t\t<div class=\"elementor-widget-wrap elementor-element-populated\">\n\t\t\t\t\t\t<div class=\"elementor-element elementor-element-b85ef53 elementor-widget elementor-widget-ld_custom_menu\" data-id=\"b85ef53\" data-element_type=\"widget\" data-widget_type=\"ld_custom_menu.default\">\n\t\t\t\t<div class=\"elementor-widget-container\">\n\t\t\t\t\t\n\t\t\t<div\t\t\t\tclass=\"lqd-fancy-menu lqd-custom-menu pos-rel menu-items-has-fill lqd-menu-td-none\"\n\t\t\t\t\t\t\t>\n\t\t\t\n\t\t\t\t\t\t<ul id=\"lqd-custom-menu-b85ef53\" class=\"reset-ul   \" itemtype=\"http:\/\/schema.org\/SiteNavigationElement\" itemscope=\"itemscope\"><li id=\"menu-item-12817\" class=\"menu-item menu-item-type-post_type menu-item-object-page menu-item-12817\"><a href=\"https:\/\/www.almanurse.be\/mentions-legales\/\">Wettelijke vermeldingen<\/a><\/li>\n<li id=\"menu-item-12816\" class=\"menu-item menu-item-type-post_type menu-item-object-page menu-item-12816\"><a href=\"https:\/\/www.almanurse.be\/vie-privee\/\">Privacybeleid<\/a><\/li>\n<li id=\"menu-item-12815\" class=\"menu-item menu-item-type-post_type menu-item-object-page menu-item-12815\"><a href=\"https:\/\/www.almanurse.be\/informations-cookies\/\">Cookie-informatie<\/a><\/li>\n<\/ul>\t\t\t\t\t\t\t\t\t<\/div>\n\t\t\t\t\t\t<\/div>\n\t\t\t\t<\/div>\n\t\t\t\t\t<\/div>\n\t\t<\/div>\n\t\t\t\t<div class=\"elementor-column elementor-col-50 elementor-top-column elementor-element elementor-element-307259c\" data-id=\"307259c\" data-element_type=\"column\">\n\t\t\t<div class=\"elementor-widget-wrap elementor-element-populated\">\n\t\t\t\t\t\t<div class=\"elementor-element elementor-element-5eda5da elementor-widget elementor-widget-heading\" data-id=\"5eda5da\" data-element_type=\"widget\" data-widget_type=\"heading.default\">\n\t\t\t\t<div class=\"elementor-widget-container\">\n\t\t\t\t\t<h2 class=\"elementor-heading-title elementor-size-default\">Privacybeleid<\/h2>\t\t\t\t<\/div>\n\t\t\t\t<\/div>\n\t\t\t\t<div class=\"elementor-element elementor-element-77170c3 elementor-widget-divider--view-line elementor-widget elementor-widget-divider\" data-id=\"77170c3\" data-element_type=\"widget\" data-widget_type=\"divider.default\">\n\t\t\t\t<div class=\"elementor-widget-container\">\n\t\t\t\t\t\t\t<div class=\"elementor-divider\">\n\t\t\t<span class=\"elementor-divider-separator\">\n\t\t\t\t\t\t<\/span>\n\t\t<\/div>\n\t\t\t\t\t\t<\/div>\n\t\t\t\t<\/div>\n\t\t\t\t<div class=\"elementor-element elementor-element-cad6b7c elementor-widget elementor-widget-text-editor\" data-id=\"cad6b7c\" data-element_type=\"widget\" data-widget_type=\"text-editor.default\">\n\t\t\t\t<div class=\"elementor-widget-container\">\n\t\t\t\t\t\t\t\t\tAlmaNurse accorde une grande importance \u00e0 la protection de vos donn\u00e9es personnelles. Les informations collect\u00e9es via nos formulaires (nom, email, t\u00e9l\u00e9phone, informations de soins ou de candidature) sont utilis\u00e9es uniquement pour :\t\t\t\t\t\t\t\t<\/div>\n\t\t\t\t<\/div>\n\t\t\t\t<div class=\"elementor-element elementor-element-80886ea elementor-icon-list--layout-traditional elementor-list-item-link-full_width elementor-widget elementor-widget-icon-list\" data-id=\"80886ea\" data-element_type=\"widget\" data-widget_type=\"icon-list.default\">\n\t\t\t\t<div class=\"elementor-widget-container\">\n\t\t\t\t\t\t\t<ul class=\"elementor-icon-list-items\">\n\t\t\t\t\t\t\t<li class=\"elementor-icon-list-item\">\n\t\t\t\t\t\t\t\t\t\t\t<span class=\"elementor-icon-list-icon\">\n\t\t\t\t\t\t\t<i aria-hidden=\"true\" class=\"lqd-icn-ess icon-lqd-circle\"><\/i>\t\t\t\t\t\t<\/span>\n\t\t\t\t\t\t\t\t\t\t<span class=\"elementor-icon-list-text\">r\u00e9pondre \u00e0 vos demandes,<\/span>\n\t\t\t\t\t\t\t\t\t<\/li>\n\t\t\t\t\t\t\t\t<li class=\"elementor-icon-list-item\">\n\t\t\t\t\t\t\t\t\t\t\t<span class=\"elementor-icon-list-icon\">\n\t\t\t\t\t\t\t<i aria-hidden=\"true\" class=\"lqd-icn-ess icon-lqd-circle\"><\/i>\t\t\t\t\t\t<\/span>\n\t\t\t\t\t\t\t\t\t\t<span class=\"elementor-icon-list-text\">organiser les soins infirmiers \u00e0 domicile,<\/span>\n\t\t\t\t\t\t\t\t\t<\/li>\n\t\t\t\t\t\t\t\t<li class=\"elementor-icon-list-item\">\n\t\t\t\t\t\t\t\t\t\t\t<span class=\"elementor-icon-list-icon\">\n\t\t\t\t\t\t\t<i aria-hidden=\"true\" class=\"lqd-icn-ess icon-lqd-circle\"><\/i>\t\t\t\t\t\t<\/span>\n\t\t\t\t\t\t\t\t\t\t<span class=\"elementor-icon-list-text\">traiter les candidatures professionnelles.<\/span>\n\t\t\t\t\t\t\t\t\t<\/li>\n\t\t\t\t\t\t<\/ul>\n\t\t\t\t\t\t<\/div>\n\t\t\t\t<\/div>\n\t\t\t\t<div class=\"elementor-element elementor-element-6a9160c elementor-widget elementor-widget-text-editor\" data-id=\"6a9160c\" data-element_type=\"widget\" data-widget_type=\"text-editor.default\">\n\t\t\t\t<div class=\"elementor-widget-container\">\n\t\t\t\t\t\t\t\t\t<p>Ces donn\u00e9es ne sont <strong>jamais vendues ni partag\u00e9es<\/strong> avec des tiers sans votre consentement. Conform\u00e9ment au R\u00e8glement G\u00e9n\u00e9ral sur la Protection des Donn\u00e9es (RGPD), vous disposez d\u2019un droit d\u2019acc\u00e8s, de rectification et de suppression de vos donn\u00e9es. Pour exercer ces droits, contactez-nous \u00e0 : <a href=\"mailto:contact@almanurse.be\">contact@almanurse.be<\/a><\/p>\t\t\t\t\t\t\t\t<\/div>\n\t\t\t\t<\/div>\n\t\t\t\t\t<\/div>\n\t\t<\/div>\n\t\t\t\t\t<\/div>\n\t\t<\/section>\n\t\t\t\t<\/div>\n\t\t","protected":false},"excerpt":{"rendered":"<p>Mentions l\u00e9gales Vie priv\u00e9e \/ Privacy Policy Informations cookies Privacybeleid AlmaNurse accorde une grande importance \u00e0 la protection de vos donn\u00e9es personnelles. Les informations collect\u00e9es via nos formulaires (nom, email, t\u00e9l\u00e9phone, informations de soins ou de candidature) sont utilis\u00e9es uniquement pour : r\u00e9pondre \u00e0 vos demandes, organiser les soins infirmiers \u00e0 domicile, traiter les candidatures [&hellip;]<\/p>\n","protected":false},"author":1,"featured_media":0,"parent":0,"menu_order":0,"comment_status":"closed","ping_status":"closed","template":"","meta":{"footnotes":""},"class_list":["post-13251","page","type-page","status-publish","hentry"],"yoast_head":"<!-- This site is optimized with the Yoast SEO Premium plugin v20.3 (Yoast SEO v20.3) - https:\/\/yoast.com\/wordpress\/plugins\/seo\/ -->\n<title>Privacybeleid \u2013 AlmaNurse<\/title>\n<meta name=\"description\" content=\"Ontdek hoe AlmaNurse uw persoonsgegevens beschermt volgens de GDPR.\" \/>\n<meta name=\"robots\" content=\"index, follow, max-snippet:-1, max-image-preview:large, max-video-preview:-1\" \/>\n<link rel=\"canonical\" href=\"https:\/\/www.almanurse.be\/nl\/privacybeleid\/\" \/>\n<meta property=\"og:locale\" content=\"nl_NL\" \/>\n<meta property=\"og:type\" content=\"article\" \/>\n<meta property=\"og:title\" content=\"Privacybeleid\" \/>\n<meta property=\"og:description\" content=\"Ontdek hoe AlmaNurse uw persoonsgegevens beschermt volgens de GDPR.\" \/>\n<meta property=\"og:url\" content=\"https:\/\/www.almanurse.be\/nl\/privacybeleid\/\" \/>\n<meta property=\"og:site_name\" content=\"AlmaNurse\" \/>\n<meta property=\"article:modified_time\" content=\"2025-11-04T14:17:22+00:00\" \/>\n<meta name=\"twitter:card\" content=\"summary_large_image\" \/>\n<meta name=\"twitter:label1\" content=\"Geschatte leestijd\" \/>\n\t<meta name=\"twitter:data1\" content=\"1 minuut\" \/>\n<script type=\"application\/ld+json\" class=\"yoast-schema-graph\">{\"@context\":\"https:\/\/schema.org\",\"@graph\":[{\"@type\":\"WebPage\",\"@id\":\"https:\/\/www.almanurse.be\/nl\/privacybeleid\/\",\"url\":\"https:\/\/www.almanurse.be\/nl\/privacybeleid\/\",\"name\":\"Privacybeleid \u2013 AlmaNurse\",\"isPartOf\":{\"@id\":\"https:\/\/www.almanurse.be\/#website\"},\"datePublished\":\"2025-10-29T12:48:59+00:00\",\"dateModified\":\"2025-11-04T14:17:22+00:00\",\"description\":\"Ontdek hoe AlmaNurse uw persoonsgegevens beschermt volgens de GDPR.\",\"breadcrumb\":{\"@id\":\"https:\/\/www.almanurse.be\/nl\/privacybeleid\/#breadcrumb\"},\"inLanguage\":\"nl-NL\",\"potentialAction\":[{\"@type\":\"ReadAction\",\"target\":[\"https:\/\/www.almanurse.be\/nl\/privacybeleid\/\"]}]},{\"@type\":\"BreadcrumbList\",\"@id\":\"https:\/\/www.almanurse.be\/nl\/privacybeleid\/#breadcrumb\",\"itemListElement\":[{\"@type\":\"ListItem\",\"position\":1,\"name\":\"Accueil\",\"item\":\"https:\/\/www.almanurse.be\/nl\/\"},{\"@type\":\"ListItem\",\"position\":2,\"name\":\"Privacybeleid\"}]},{\"@type\":\"WebSite\",\"@id\":\"https:\/\/www.almanurse.be\/#website\",\"url\":\"https:\/\/www.almanurse.be\/\",\"name\":\"AlmaNurse\",\"description\":\"Des soins de qualit\u00e9\",\"potentialAction\":[{\"@type\":\"SearchAction\",\"target\":{\"@type\":\"EntryPoint\",\"urlTemplate\":\"https:\/\/www.almanurse.be\/?s={search_term_string}\"},\"query-input\":\"required name=search_term_string\"}],\"inLanguage\":\"nl-NL\"}]}<\/script>\n<!-- \/ Yoast SEO Premium plugin. -->","yoast_head_json":{"title":"Privacybeleid \u2013 AlmaNurse","description":"Ontdek hoe AlmaNurse uw persoonsgegevens beschermt volgens de GDPR.","robots":{"index":"index","follow":"follow","max-snippet":"max-snippet:-1","max-image-preview":"max-image-preview:large","max-video-preview":"max-video-preview:-1"},"canonical":"https:\/\/www.almanurse.be\/nl\/privacybeleid\/","og_locale":"nl_NL","og_type":"article","og_title":"Privacybeleid","og_description":"Ontdek hoe AlmaNurse uw persoonsgegevens beschermt volgens de GDPR.","og_url":"https:\/\/www.almanurse.be\/nl\/privacybeleid\/","og_site_name":"AlmaNurse","article_modified_time":"2025-11-04T14:17:22+00:00","twitter_card":"summary_large_image","twitter_misc":{"Geschatte leestijd":"1 minuut"},"schema":{"@context":"https:\/\/schema.org","@graph":[{"@type":"WebPage","@id":"https:\/\/www.almanurse.be\/nl\/privacybeleid\/","url":"https:\/\/www.almanurse.be\/nl\/privacybeleid\/","name":"Privacybeleid \u2013 AlmaNurse","isPartOf":{"@id":"https:\/\/www.almanurse.be\/#website"},"datePublished":"2025-10-29T12:48:59+00:00","dateModified":"2025-11-04T14:17:22+00:00","description":"Ontdek hoe AlmaNurse uw persoonsgegevens beschermt volgens de GDPR.","breadcrumb":{"@id":"https:\/\/www.almanurse.be\/nl\/privacybeleid\/#breadcrumb"},"inLanguage":"nl-NL","potentialAction":[{"@type":"ReadAction","target":["https:\/\/www.almanurse.be\/nl\/privacybeleid\/"]}]},{"@type":"BreadcrumbList","@id":"https:\/\/www.almanurse.be\/nl\/privacybeleid\/#breadcrumb","itemListElement":[{"@type":"ListItem","position":1,"name":"Accueil","item":"https:\/\/www.almanurse.be\/nl\/"},{"@type":"ListItem","position":2,"name":"Privacybeleid"}]},{"@type":"WebSite","@id":"https:\/\/www.almanurse.be\/#website","url":"https:\/\/www.almanurse.be\/","name":"AlmaNurse","description":"Des soins de qualit\u00e9","potentialAction":[{"@type":"SearchAction","target":{"@type":"EntryPoint","urlTemplate":"https:\/\/www.almanurse.be\/?s={search_term_string}"},"query-input":"required name=search_term_string"}],"inLanguage":"nl-NL"}]}},"_links":{"self":[{"href":"https:\/\/www.almanurse.be\/nl\/wp-json\/wp\/v2\/pages\/13251","targetHints":{"allow":["GET"]}}],"collection":[{"href":"https:\/\/www.almanurse.be\/nl\/wp-json\/wp\/v2\/pages"}],"about":[{"href":"https:\/\/www.almanurse.be\/nl\/wp-json\/wp\/v2\/types\/page"}],"author":[{"embeddable":true,"href":"https:\/\/www.almanurse.be\/nl\/wp-json\/wp\/v2\/users\/1"}],"replies":[{"embeddable":true,"href":"https:\/\/www.almanurse.be\/nl\/wp-json\/wp\/v2\/comments?post=13251"}],"version-history":[{"count":9,"href":"https:\/\/www.almanurse.be\/nl\/wp-json\/wp\/v2\/pages\/13251\/revisions"}],"predecessor-version":[{"id":13282,"href":"https:\/\/www.almanurse.be\/nl\/wp-json\/wp\/v2\/pages\/13251\/revisions\/13282"}],"wp:attachment":[{"href":"https:\/\/www.almanurse.be\/nl\/wp-json\/wp\/v2\/media?parent=13251"}],"curies":[{"name":"wp","href":"https:\/\/api.w.org\/{rel}","templated":true}]}}